{"id":2524,"date":"2016-11-22T19:15:07","date_gmt":"2016-11-22T19:15:07","guid":{"rendered":"http:\/\/anderschingenieria.com.ar\/wordpress\/?page_id=2524"},"modified":"2022-07-04T16:12:44","modified_gmt":"2022-07-04T16:12:44","slug":"principios-constructivos","status":"publish","type":"page","link":"https:\/\/anderschingenieria.com.ar\/home\/principios-constructivos\/","title":{"rendered":"Principios Constructivos"},"content":{"rendered":"<p>[vc_row full_width=\u00bbstretch_row\u00bb css=\u00bb.vc_custom_1498749446884{background-image: url(http:\/\/anderschingenieria.com.ar\/home\/wp-content\/uploads\/2016\/12\/Andersch_002.jpg?id=2955) !important;}\u00bb][vc_column][vc_empty_space height=\u00bb84px\u00bb][cms_heading sub_color=\u00bb#ffffff\u00bb hd_title=\u00bbPRINCIPIOS CONSTRUCTIVOS\u00bb text_color=\u00bb#ffffff\u00bb cms_template=\u00bbcms_heading.php\u00bb][vc_empty_space height=\u00bb56px\u00bb][\/vc_column][\/vc_row][vc_row full_width=\u00bbstretch_row\u00bb][vc_column][vc_empty_space height=\u00bb70px\u00bb][cms_heading hd_subtitle=\u00bbNos especializamos en\u00bb hd_title=\u00bbNuestros Principios\u00bb hd_description=\u00bbNuestros proyectos se realizan siguiendo los criterios de ingenier\u00eda y teniendo en cuenta:\u00bb cms_template=\u00bbcms_heading.php\u00bb][vc_empty_space height=\u00bb22px\u00bb][\/vc_column][\/vc_row][vc_row][vc_column][vc_row_inner][vc_column_inner width=\u00bb1\/2&#8243; list_style=\u00bbcms-list-arrow-icon1&#8243;][vc_column_text]<\/p>\n<ul>\n<li>La estructura propiamente dicha.<\/li>\n<li>Ubicaci\u00f3n geogr\u00e1fica de la instalaci\u00f3n.<\/li>\n<li>Efecto del viento sobre la pantalla.<\/li>\n<\/ul>\n<p>[\/vc_column_text][\/vc_column_inner][vc_column_inner width=\u00bb1\/2&#8243; list_style=\u00bbcms-list-arrow-icon1&#8243;][vc_column_text]<\/p>\n<ul>\n<li>Estudio del suelo realizado por profesionales id\u00f3neos.<\/li>\n<li>Calculo de la base de hormig\u00f3n para una fundaci\u00f3n segura.<\/li>\n<\/ul>\n<p>[\/vc_column_text][\/vc_column_inner][\/vc_row_inner][vc_empty_space height=\u00bb90px\u00bb][\/vc_column][\/vc_row][vc_row][vc_column][vc_single_image image=\u00bb3556&#8243; img_size=\u00bbfull\u00bb][vc_empty_space height=\u00bb45px\u00bb][\/vc_column][\/vc_row][vc_row full_width=\u00bbstretch_row\u00bb][vc_column][cms_heading hd_subtitle=\u00bbAdem\u00e1s se siguen las siguientes normas y c\u00f3digos:\u00bb hd_title=\u00bbCODIGOS Y NORMAS A UTILIZAR\u00bb cms_template=\u00bbcms_heading.php\u00bb][vc_empty_space height=\u00bb30px\u00bb][vc_row_inner][vc_column_inner width=\u00bb1\/2&#8243; list_style=\u00bbcms-list-arrow-icon1&#8243;][cms_heading hd_title=\u00bbReglamentos utilizados.\u00bb cms_template=\u00bbcms_heading&#8211;style4.php\u00bb][vc_empty_space height=\u00bb28px\u00bb][\/vc_column_inner][vc_column_inner width=\u00bb1\/2&#8243; list_style=\u00bbcms-list-arrow-icon1&#8243;][cms_heading hd_title=\u00bbNormas utilizados\u00bb cms_template=\u00bbcms_heading&#8211;style4.php\u00bb][vc_empty_space height=\u00bb28px\u00bb][\/vc_column_inner][\/vc_row_inner][vc_row_inner][vc_column_inner width=\u00bb1\/2&#8243; list_style=\u00bbcms-list-arrow-icon1&#8243;][vc_column_text]<\/p>\n<ul>\n<li>CIRSOC 101-2005: Cargas Permanentes y Sobrecargas M\u00ednimas de Dise\u00f1o para Edifcios.<\/li>\n<li>CIRSOC 102-2005: Acci\u00f3n del viento sobre las Construcciones.<\/li>\n<li>CIRSOC 301-1982: C\u00e1lculo y Ejecuci\u00f3n de Estructuras de Acero para Edificios.<\/li>\n<li>CIRSOC 302-1982: Fundamentos de C\u00e1lculo para Problemas de Estabilidad en las Estr. de Acero<\/li>\n<\/ul>\n<p>[\/vc_column_text][\/vc_column_inner][vc_column_inner width=\u00bb1\/2&#8243; list_style=\u00bbcms-list-arrow-icon1&#8243;][vc_column_text]<\/p>\n<ul>\n<li>IRAM-IAS U 500-42: Chapas de acero al carbono laminadas en caliente para uso estructural.<\/li>\n<li>IRAM-IAS U 500-503: Aceros al carbono para uso estructural, excepto chapas.<\/li>\n<li>IRAM-IAS U 500-511 \/ 509-2 \/ 558 : Perfiles de acero IPN, UPN y Angulos alas iguales.<\/li>\n<li>IRAM-IAS U 500-503: Aceros al carbono para uso estructural, exceptochapas.<\/li>\n<\/ul>\n<p>[\/vc_column_text][\/vc_column_inner][\/vc_row_inner][vc_empty_space height=\u00bb90px\u00bb][\/vc_column][\/vc_row][vc_row full_width=\u00bbstretch_row\u00bb][vc_column][cms_heading hd_title=\u00bbMATERIALES CONSIDERADOS PARA EL C\u00c1LCULO\u00bb cms_template=\u00bbcms_heading.php\u00bb][vc_empty_space height=\u00bb30px\u00bb][vc_row_inner][vc_column_inner width=\u00bb1\/2&#8243; list_style=\u00bbcms-list-arrow-icon1&#8243;][cms_heading hd_title=\u00bbReglamentos utilizados.\u00bb cms_template=\u00bbcms_heading&#8211;style4.php\u00bb][vc_empty_space height=\u00bb28px\u00bb][\/vc_column_inner][vc_column_inner width=\u00bb1\/2&#8243; list_style=\u00bbcms-list-arrow-icon1&#8243;][cms_heading hd_title=\u00bbCalidades normales de mercado.\u00bb cms_template=\u00bbcms_heading&#8211;style4.php\u00bb][vc_empty_space height=\u00bb28px\u00bb][\/vc_column_inner][\/vc_row_inner][vc_row_inner][vc_column_inner width=\u00bb1\/2&#8243; list_style=\u00bbcms-list-arrow-icon1&#8243;][vc_column_text]<\/p>\n<ul>\n<li>Propiedades mec\u00e1nicas generales del acero.<\/li>\n<li>Modulo de elasticidad\u00a0 E=2100000 kg\/cm2.<\/li>\n<li>Coeficiente de Poiss\u00f3n \u03bc= 0.3.<\/li>\n<li>Peso especifico del acero = 7850 kg\/m3<\/li>\n<\/ul>\n<p>[\/vc_column_text][\/vc_column_inner][vc_column_inner width=\u00bb1\/2&#8243; list_style=\u00bbcms-list-arrow-icon1&#8243;][vc_column_text]<\/p>\n<ul>\n<li>Calidad sF sR [kg\/cm2] [kg\/cm2].<\/li>\n<li>Perfiles IPN , UPN y \u00c1ngulos F24 2400 3700.<\/li>\n<li>Oros perfiles laminados F24 2400 3700.<\/li>\n<li>Perfiles y tubos conformados F22 2200 3300.<\/li>\n<li>Perfiles plegados, correas C y Z F24 2400 3700.<\/li>\n<li>Hierro redondo liso F20 2200 3200.<\/li>\n<li>Chapa laminada en caliente F24 2400 3700.<\/li>\n<li>Bulones Clase ISO 8.8 Y 10.9 de acuerdo con IRAM 5464 o ASTM A 307, A 325N, A 490.<\/li>\n<li>Tuerca Clase ISO 8.8 Y 10.9, o ASTM 2H IRAM 5465.<\/li>\n<li>Bulones de anclaje Tipo A 307 con Fu\u00a0 rn\u00edrumo = 300 MPa.<\/li>\n<li>Pernos de Anclaje Acero SAE 1010.<\/li>\n<\/ul>\n<p>[\/vc_column_text][\/vc_column_inner][\/vc_row_inner][vc_empty_space height=\u00bb90px\u00bb][\/vc_column][\/vc_row][vc_row full_width=\u00bbstretch_row\u00bb][vc_column][cms_heading hd_subtitle=\u00bbNuestros\u00bb hd_title=\u00bbPrincipios Constructivos:\u00bb hd_description=\u00bbTodos nuestros proyectos se encuentran dise\u00f1ados y calculados siguiendo los criterios de las siguientes normas:\u00bb cms_template=\u00bbcms_heading.php\u00bb][vc_empty_space height=\u00bb30px\u00bb][vc_row_inner][vc_column_inner width=\u00bb1\/2&#8243; list_style=\u00bbcms-list-arrow-icon1&#8243;][cms_heading hd_title=\u00bbNormas t\u00e9cnicas constructivas:\u00bb cms_template=\u00bbcms_heading&#8211;style4.php\u00bb][vc_empty_space height=\u00bb28px\u00bb][\/vc_column_inner][vc_column_inner width=\u00bb1\/2&#8243; list_style=\u00bbcms-list-arrow-icon1&#8243;][cms_heading hd_title=\u00bbNormas t\u00e9cnicas para materiales:\u00bb cms_template=\u00bbcms_heading&#8211;style4.php\u00bb][vc_empty_space height=\u00bb28px\u00bb][\/vc_column_inner][\/vc_row_inner][vc_row_inner][vc_column_inner width=\u00bb1\/2&#8243; list_style=\u00bbcms-list-arrow-icon1&#8243;][vc_single_image image=\u00bb3554&#8243; img_size=\u00bbfull\u00bb][vc_empty_space height=\u00bb28px\u00bb][vc_column_text]<\/p>\n<ul>\n<li>Soldadura: Norma American Welding Society standards. Estas normas establecen los procesos de soldaduras los cuales deben ser cumplidos por soldadores t\u00e9cnicamente calificados. Pernos de acero: Norma ASTM A449 acero mediano carbono templado, revenido y SAES.<\/li>\n<li>Por \u00faltimo son necesarios y as\u00ed requerimos a nuestros proveedores los correspondientes certificados de calidad a fin de garantizar las normas antedichas.<\/li>\n<\/ul>\n<p>[\/vc_column_text][\/vc_column_inner][vc_column_inner width=\u00bb1\/2&#8243; list_style=\u00bbcms-list-arrow-icon1&#8243;][vc_single_image image=\u00bb3557&#8243; img_size=\u00bbfull\u00bb][vc_empty_space height=\u00bb28px\u00bb][vc_column_text]<\/p>\n<ul>\n<li>Tubos de acero: Norma ASTM 252.<\/li>\n<li>Perfiles laminados: Norma ASTM A 36. Chapa de acero al carbono laminado en caliente: Norma ASTM A 36.<\/li>\n<li>Electrodos y alambre de soldadura: Norma de ASTM A233, E70.<\/li>\n<li>Alambre para soldadura semiautom\u00e1tica: Norma AWS A5.18 ER70 S-6.<\/li>\n<li>Alambre para soldadura autom\u00e1tica por arco sumergido: Norma AWS 5.17: EL12 o DIN 8557: S1.<\/li>\n<\/ul>\n<p>[\/vc_column_text][\/vc_column_inner][\/vc_row_inner][vc_empty_space height=\u00bb90px\u00bb][\/vc_column][\/vc_row]<\/p>\n\n\n<p><\/p>\n","protected":false},"excerpt":{"rendered":"<p>[vc_row full_width=\u00bbstretch_row\u00bb css=\u00bb.vc_custom_1498749446884{background-image: url(http:\/\/anderschingenieria.com.ar\/home\/wp-content\/uploads\/2016\/12\/Andersch_002.jpg?id=2955) !important;}\u00bb][vc_column][vc_empty_space height=\u00bb84px\u00bb][cms_heading sub_color=\u00bb#ffffff\u00bb hd_title=\u00bbPRINCIPIOS CONSTRUCTIVOS\u00bb text_color=\u00bb#ffffff\u00bb cms_template=\u00bbcms_heading.php\u00bb][vc_empty_space height=\u00bb56px\u00bb][\/vc_column][\/vc_row][vc_row full_width=\u00bbstretch_row\u00bb][vc_column][vc_empty_space height=\u00bb70px\u00bb][cms_heading hd_subtitle=\u00bbNos especializamos en\u00bb hd_title=\u00bbNuestros Principios\u00bb hd_description=\u00bbNuestros proyectos se realizan siguiendo los criterios de ingenier\u00eda y teniendo en cuenta:\u00bb cms_template=\u00bbcms_heading.php\u00bb][vc_empty_space height=\u00bb22px\u00bb][\/vc_column][\/vc_row][vc_row][vc_column][vc_row_inner][vc_column_inner width=\u00bb1\/2&#8243; list_style=\u00bbcms-list-arrow-icon1&#8243;][vc_column_text] La estructura propiamente dicha. Ubicaci\u00f3n geogr\u00e1fica de la instalaci\u00f3n. Efecto del viento sobre la pantalla. [\/vc_column_text][\/vc_column_inner][vc_column_inner width=\u00bb1\/2&#8243; list_style=\u00bbcms-list-arrow-icon1&#8243;][vc_column_text] Estudio [&hellip;]<\/p>\n","protected":false},"author":1,"featured_media":0,"parent":0,"menu_order":0,"comment_status":"closed","ping_status":"closed","template":"","meta":[],"_links":{"self":[{"href":"https:\/\/anderschingenieria.com.ar\/home\/wp-json\/wp\/v2\/pages\/2524"}],"collection":[{"href":"https:\/\/anderschingenieria.com.ar\/home\/wp-json\/wp\/v2\/pages"}],"about":[{"href":"https:\/\/anderschingenieria.com.ar\/home\/wp-json\/wp\/v2\/types\/page"}],"author":[{"embeddable":true,"href":"https:\/\/anderschingenieria.com.ar\/home\/wp-json\/wp\/v2\/users\/1"}],"replies":[{"embeddable":true,"href":"https:\/\/anderschingenieria.com.ar\/home\/wp-json\/wp\/v2\/comments?post=2524"}],"version-history":[{"count":109,"href":"https:\/\/anderschingenieria.com.ar\/home\/wp-json\/wp\/v2\/pages\/2524\/revisions"}],"predecessor-version":[{"id":4135,"href":"https:\/\/anderschingenieria.com.ar\/home\/wp-json\/wp\/v2\/pages\/2524\/revisions\/4135"}],"wp:attachment":[{"href":"https:\/\/anderschingenieria.com.ar\/home\/wp-json\/wp\/v2\/media?parent=2524"}],"curies":[{"name":"wp","href":"https:\/\/api.w.org\/{rel}","templated":true}]}}