{"id":2597,"date":"2016-11-23T00:56:42","date_gmt":"2016-11-23T00:56:42","guid":{"rendered":"http:\/\/anderschingenieria.com.ar\/wordpress\/?page_id=2597"},"modified":"2022-07-04T12:48:27","modified_gmt":"2022-07-04T12:48:27","slug":"nosotros","status":"publish","type":"page","link":"https:\/\/anderschingenieria.com.ar\/home\/nosotros\/","title":{"rendered":"Nosotros"},"content":{"rendered":"<p>[vc_row full_width=\u00bbstretch_row\u00bb css=\u00bb.vc_custom_1498748839613{background-image: url(http:\/\/anderschingenieria.com.ar\/home\/wp-content\/uploads\/2016\/12\/Andersch_002.jpg?id=2955) !important;}\u00bb][vc_column][vc_empty_space height=\u00bb84px\u00bb][cms_heading sub_color=\u00bb#ffffff\u00bb hd_title=\u00bbNosotros\u00bb text_color=\u00bb#ffffff\u00bb cms_template=\u00bbcms_heading.php\u00bb][vc_empty_space height=\u00bb56px\u00bb][\/vc_column][\/vc_row][vc_row][vc_column][vc_empty_space height=\u00bb80px\u00bb][\/vc_column][\/vc_row][vc_row full_width=\u00bbstretch_row\u00bb][vc_column width=\u00bb2\/3&#8243; list_style=\u00bbcms-list-arrow-icon3&#8243;][cms_heading hd_title=\u00bbANDERSCH INGENIERIA S.R.L\u00bb hd_description=\u00bbEs una empresa orientada para enfrentar con creatividad los permanentes desaf\u00edos que debe afrontar en un ambiente competitivo y global, orientado continuamente nuestro accionar hacia la plena satisfacci\u00f3n de nuestros clientes.<\/p>\n<p>\u00bb cms_template=\u00bbcms_heading.php\u00bb][cms_heading hd_title=\u00bb NUESTRA MISI\u00d3N\u00bb cms_template=\u00bbcms_heading&#8211;style4.php\u00bb][vc_column_text]Nos esforzamos en potenciar nuestro capital humano, creando un ambiente que favorezca, la creatividad, el crecimiento, fomente la autodisciplina y el trabajo en equipo a trav\u00e9s de las siguientes premisas:<\/p>\n<p><i class=\"fa fa-caret-right\"><\/i> Conocer y entender las necesidades y expectativas de nuestros clientes para entregarles productos y servicios, que cumplan y superen sus expectativas.<br \/>\n<i class=\"fa fa-caret-right\"><\/i> Cumplir con los plazos de entrega de productos y\/o servicios.<br \/>\n<i class=\"fa fa-caret-right\"><\/i> Maximizar la eficiencia en la realizaci\u00f3n de los servicios, estableciendo y cumpliendo planificaciones consistentes con las prioridades de los clientes y de Andersch Ingenier\u00eda.<br \/>\n<i class=\"fa fa-caret-right\"><\/i> Requerir y verificar a nuestros proveedores el cumplimiento de los requisitos de calidad establecidos por Andersch Ingenier\u00eda para sus productos y servicios.<br \/>\n<i class=\"fa fa-caret-right\"><\/i> Establecer y revisar de manera peri\u00f3dica nuestras metas y objetivos, para lograr un mejoramiento continuo en nuestros procesos de dise\u00f1o, fabricaci\u00f3n, montaje y mantenimiento de estructuras met\u00e1licas y obras civiles de fundaci\u00f3n que conduzca a la excelencia de los mismos.[\/vc_column_text][\/vc_column][vc_column width=\u00bb1\/3&#8243; blockquote_style=\u00bbblockquote-style1&#8243;][vc_single_image image=\u00bb2999&#8243; img_size=\u00bbfull\u00bb add_caption=\u00bbyes\u00bb alignment=\u00bbcenter\u00bb][vc_empty_space height=\u00bb28px\u00bb][vc_column_text]<\/p>\n<blockquote><p>Lideres en Dise\u00f1o y Fabricaci\u00f3n de estructuras met\u00e1licas; c\u00e1lculo y construcci\u00f3n de fundaciones.<\/p><\/blockquote>\n<p>[\/vc_column_text][\/vc_column][\/vc_row][vc_row][vc_column][vc_empty_space height=\u00bb80px\u00bb][\/vc_column][\/vc_row][vc_row full_width=\u00bbstretch_row\u00bb][vc_column width=\u00bb1\/2&#8243;][vc_single_image image=\u00bb3555&#8243; img_size=\u00bbfull\u00bb][\/vc_column][vc_column width=\u00bb1\/2&#8243;][vc_single_image image=\u00bb3554&#8243; img_size=\u00bbfull\u00bb][\/vc_column][\/vc_row][vc_row][vc_column][vc_empty_space height=\u00bb80px\u00bb][\/vc_column][\/vc_row][vc_row full_width=\u00bbstretch_row\u00bb][vc_column width=\u00bb1\/2&#8243;][vc_empty_space height=\u00bb10px\u00bb][cms_heading hd_title=\u00bb NUESTROS VALORES\u00bb cms_template=\u00bbcms_heading&#8211;style4.php\u00bb][vc_empty_space height=\u00bb15px\u00bb][vc_row_inner][vc_column_inner width=\u00bb1\/3&#8243;][cms_fancybox_single title_item=\u00bb LA SEGURIDAD\u00bb icon_custom=\u00bblnr lnr-license\u00bb cms_template=\u00bbcms_fancybox_single.php\u00bb][\/vc_column_inner][vc_column_inner width=\u00bb1\/3&#8243;][cms_fancybox_single title_item=\u00bbinnovaci\u00f3n\u00bb icon_custom=\u00bblnr lnr-star\u00bb cms_template=\u00bbcms_fancybox_single.php\u00bb][\/vc_column_inner][vc_column_inner width=\u00bb1\/3&#8243;][cms_fancybox_single title_item=\u00bb INTEGRIDAD\u00bb icon_custom=\u00bblnr lnr-construction\u00bb cms_template=\u00bbcms_fancybox_single.php\u00bb][\/vc_column_inner][\/vc_row_inner][\/vc_column][vc_column width=\u00bb1\/2&#8243;][cms_heading hd_title=\u00bb NUESTRas Oficinas\u00bb cms_template=\u00bbcms_heading&#8211;style4.php\u00bb][vc_row_inner][vc_column_inner][cms_fancybox_single icon_fontawesome=\u00bbfa fa-map-marker\u00bb title_item=\u00bbAv. Madero 2673 \u2013 San Fernando\u00bb description_item=\u00bbLocaci\u00f3n: Argentina &#8211; Bs. As. \u00bb cms_template=\u00bbcms_fancybox_single&#8211;layout2.php\u00bb][vc_empty_space height=\u00bb10px\u00bb][cms_fancybox_single icon_fontawesome=\u00bbfa fa-map-marker\u00bb title_item=\u00bbWorld Trade Center III &#8211; Luis Alberto de Herrera 1248 Piso 12, Oficina 1206&#8243; description_item=\u00bbMontevideo, Uruguay\u00bb cms_template=\u00bbcms_fancybox_single&#8211;layout2.php\u00bb][vc_empty_space height=\u00bb10px\u00bb][\/vc_column_inner][\/vc_row_inner][vc_empty_space height=\u00bb15px\u00bb][\/vc_column][\/vc_row][vc_row][vc_column][vc_empty_space height=\u00bb80px\u00bb][\/vc_column][\/vc_row][vc_row full_width=\u00bbstretch_row\u00bb css=\u00bb.vc_custom_1479868957329{background-color: #f9f9f9 !important;}\u00bb][vc_column][vc_empty_space height=\u00bb90px\u00bb][vc_row_inner][vc_column_inner width=\u00bb1\/2&#8243;][vc_column_text]<\/p>\n","protected":false},"excerpt":{"rendered":"<p>[vc_row full_width=\u00bbstretch_row\u00bb css=\u00bb.vc_custom_1498748839613{background-image: url(http:\/\/anderschingenieria.com.ar\/home\/wp-content\/uploads\/2016\/12\/Andersch_002.jpg?id=2955) !important;}\u00bb][vc_column][vc_empty_space height=\u00bb84px\u00bb][cms_heading sub_color=\u00bb#ffffff\u00bb hd_title=\u00bbNosotros\u00bb text_color=\u00bb#ffffff\u00bb cms_template=\u00bbcms_heading.php\u00bb][vc_empty_space height=\u00bb56px\u00bb][\/vc_column][\/vc_row][vc_row][vc_column][vc_empty_space height=\u00bb80px\u00bb][\/vc_column][\/vc_row][vc_row full_width=\u00bbstretch_row\u00bb][vc_column width=\u00bb2\/3&#8243; list_style=\u00bbcms-list-arrow-icon3&#8243;][cms_heading hd_title=\u00bbANDERSCH INGENIERIA S.R.L\u00bb hd_description=\u00bbEs una empresa orientada para enfrentar con creatividad los permanentes desaf\u00edos que debe afrontar en un ambiente competitivo y global, orientado continuamente nuestro accionar hacia la plena satisfacci\u00f3n de nuestros clientes. \u00bb cms_template=\u00bbcms_heading.php\u00bb][cms_heading hd_title=\u00bb NUESTRA MISI\u00d3N\u00bb cms_template=\u00bbcms_heading&#8211;style4.php\u00bb][vc_column_text]Nos [&hellip;]<\/p>\n","protected":false},"author":1,"featured_media":0,"parent":0,"menu_order":0,"comment_status":"closed","ping_status":"closed","template":"","meta":[],"_links":{"self":[{"href":"https:\/\/anderschingenieria.com.ar\/home\/wp-json\/wp\/v2\/pages\/2597"}],"collection":[{"href":"https:\/\/anderschingenieria.com.ar\/home\/wp-json\/wp\/v2\/pages"}],"about":[{"href":"https:\/\/anderschingenieria.com.ar\/home\/wp-json\/wp\/v2\/types\/page"}],"author":[{"embeddable":true,"href":"https:\/\/anderschingenieria.com.ar\/home\/wp-json\/wp\/v2\/users\/1"}],"replies":[{"embeddable":true,"href":"https:\/\/anderschingenieria.com.ar\/home\/wp-json\/wp\/v2\/comments?post=2597"}],"version-history":[{"count":159,"href":"https:\/\/anderschingenieria.com.ar\/home\/wp-json\/wp\/v2\/pages\/2597\/revisions"}],"predecessor-version":[{"id":4132,"href":"https:\/\/anderschingenieria.com.ar\/home\/wp-json\/wp\/v2\/pages\/2597\/revisions\/4132"}],"wp:attachment":[{"href":"https:\/\/anderschingenieria.com.ar\/home\/wp-json\/wp\/v2\/media?parent=2597"}],"curies":[{"name":"wp","href":"https:\/\/api.w.org\/{rel}","templated":true}]}}