{"id":3982,"date":"2017-03-07T23:50:09","date_gmt":"2017-03-07T23:50:09","guid":{"rendered":"http:\/\/anderschingenieria.com.ar\/wordpress\/?page_id=3982"},"modified":"2017-03-10T13:23:42","modified_gmt":"2017-03-10T13:23:42","slug":"columnas-publicitarias","status":"publish","type":"page","link":"https:\/\/anderschingenieria.com.ar\/home\/columnas-publicitarias\/","title":{"rendered":"COLUMNAS PUBLICITARIAS"},"content":{"rendered":"<p>[vc_row][vc_column][vc_empty_space height=\u00bb60px\u00bb][\/vc_column][\/vc_row][vc_row full_width=\u00bbstretch_row\u00bb][vc_column width=\u00bb1\/3&#8243;][cms_heading sub_color=\u00bb#dd3333&#8243; hd_title=\u00bbCOLUMNAS PUBLICITARIAS.\u00bb text_color=\u00bb#000000&#8243; cms_template=\u00bbcms_heading&#8211;style4.php\u00bb][vc_column_text]ANDERSCH INGENIERIA es actualmente la empresa l\u00edder en dise\u00f1o, producci\u00f3n y montaje de columnas publicitarias, tal posici\u00f3n se debe a la experiencia de m\u00e1s de27 a\u00f1os en la construcci\u00f3n de las mismas. Hoy en d\u00eda lleva m\u00e1s de 250 columnas montadas a lo largo del pa\u00eds.[\/vc_column_text][\/vc_column][vc_column width=\u00bb2\/3&#8243;][vc_gallery type=\u00bbnivo\u00bb interval=\u00bb10&#8243; images=\u00bb2712,2713,2711,2710,2714,2715&#8243; img_size=\u00bbfull\u00bb][\/vc_column][\/vc_row]<\/p>\n","protected":false},"excerpt":{"rendered":"<p>[vc_row][vc_column][vc_empty_space height=\u00bb60px\u00bb][\/vc_column][\/vc_row][vc_row full_width=\u00bbstretch_row\u00bb][vc_column width=\u00bb1\/3&#8243;][cms_heading sub_color=\u00bb#dd3333&#8243; hd_title=\u00bbCOLUMNAS PUBLICITARIAS.\u00bb text_color=\u00bb#000000&#8243; cms_template=\u00bbcms_heading&#8211;style4.php\u00bb][vc_column_text]ANDERSCH INGENIERIA es actualmente la empresa l\u00edder en dise\u00f1o, producci\u00f3n y montaje de columnas publicitarias, tal posici\u00f3n se debe a la experiencia de m\u00e1s de27 a\u00f1os en la construcci\u00f3n de las mismas. Hoy en d\u00eda lleva m\u00e1s de 250 columnas montadas a lo largo del pa\u00eds.[\/vc_column_text][\/vc_column][vc_column width=\u00bb2\/3&#8243;][vc_gallery [&hellip;]<\/p>\n","protected":false},"author":1,"featured_media":0,"parent":0,"menu_order":0,"comment_status":"closed","ping_status":"closed","template":"","meta":[],"_links":{"self":[{"href":"https:\/\/anderschingenieria.com.ar\/home\/wp-json\/wp\/v2\/pages\/3982"}],"collection":[{"href":"https:\/\/anderschingenieria.com.ar\/home\/wp-json\/wp\/v2\/pages"}],"about":[{"href":"https:\/\/anderschingenieria.com.ar\/home\/wp-json\/wp\/v2\/types\/page"}],"author":[{"embeddable":true,"href":"https:\/\/anderschingenieria.com.ar\/home\/wp-json\/wp\/v2\/users\/1"}],"replies":[{"embeddable":true,"href":"https:\/\/anderschingenieria.com.ar\/home\/wp-json\/wp\/v2\/comments?post=3982"}],"version-history":[{"count":13,"href":"https:\/\/anderschingenieria.com.ar\/home\/wp-json\/wp\/v2\/pages\/3982\/revisions"}],"predecessor-version":[{"id":4068,"href":"https:\/\/anderschingenieria.com.ar\/home\/wp-json\/wp\/v2\/pages\/3982\/revisions\/4068"}],"wp:attachment":[{"href":"https:\/\/anderschingenieria.com.ar\/home\/wp-json\/wp\/v2\/media?parent=3982"}],"curies":[{"name":"wp","href":"https:\/\/api.w.org\/{rel}","templated":true}]}}