{"id":4002,"date":"2017-03-08T00:35:44","date_gmt":"2017-03-08T00:35:44","guid":{"rendered":"http:\/\/anderschingenieria.com.ar\/wordpress\/?page_id=4002"},"modified":"2017-03-08T00:35:44","modified_gmt":"2017-03-08T00:35:44","slug":"nomencladores","status":"publish","type":"page","link":"https:\/\/anderschingenieria.com.ar\/home\/nomencladores\/","title":{"rendered":"NOMENCLADORES"},"content":{"rendered":"<p>[vc_row][vc_column][vc_empty_space height=\u00bb60px\u00bb][\/vc_column][\/vc_row][vc_row full_width=\u00bbstretch_row\u00bb][vc_column width=\u00bb1\/3&#8243;][cms_heading sub_color=\u00bb#dd3333&#8243; hd_title=\u00bbNOMENCLADORES\u00bb text_color=\u00bb#000000&#8243; cms_template=\u00bbcms_heading&#8211;style4.php\u00bb][vc_column_text]Somos fabricantes del mobiliario urbano para la ciudad de Buenos Aires. Actualmente producimos refugios, pantallas publicitarias urbanas, nomencladores de arterias y centros de trasbordo para CABA. Tambi\u00e9n desarrollamos y fabricamos pantallas, mobiliario urbano de gran porte como t\u00f3tems y p\u00f3rticos, para otros distritos del pa\u00eds y de la Rep\u00fablica Oriental del Uruguay.[\/vc_column_text][\/vc_column][vc_column width=\u00bb2\/3&#8243;][vc_gallery type=\u00bbnivo\u00bb interval=\u00bb10&#8243; images=\u00bb3570,3573,3572,3571&#8243; img_size=\u00bbfull\u00bb][\/vc_column][\/vc_row]<\/p>\n","protected":false},"excerpt":{"rendered":"<p>[vc_row][vc_column][vc_empty_space height=\u00bb60px\u00bb][\/vc_column][\/vc_row][vc_row full_width=\u00bbstretch_row\u00bb][vc_column width=\u00bb1\/3&#8243;][cms_heading sub_color=\u00bb#dd3333&#8243; hd_title=\u00bbNOMENCLADORES\u00bb text_color=\u00bb#000000&#8243; cms_template=\u00bbcms_heading&#8211;style4.php\u00bb][vc_column_text]Somos fabricantes del mobiliario urbano para la ciudad de Buenos Aires. Actualmente producimos refugios, pantallas publicitarias urbanas, nomencladores de arterias y centros de trasbordo para CABA. Tambi\u00e9n desarrollamos y fabricamos pantallas, mobiliario urbano de gran porte como t\u00f3tems y p\u00f3rticos, para otros distritos del pa\u00eds y de la [&hellip;]<\/p>\n","protected":false},"author":1,"featured_media":0,"parent":0,"menu_order":0,"comment_status":"closed","ping_status":"closed","template":"","meta":[],"_links":{"self":[{"href":"https:\/\/anderschingenieria.com.ar\/home\/wp-json\/wp\/v2\/pages\/4002"}],"collection":[{"href":"https:\/\/anderschingenieria.com.ar\/home\/wp-json\/wp\/v2\/pages"}],"about":[{"href":"https:\/\/anderschingenieria.com.ar\/home\/wp-json\/wp\/v2\/types\/page"}],"author":[{"embeddable":true,"href":"https:\/\/anderschingenieria.com.ar\/home\/wp-json\/wp\/v2\/users\/1"}],"replies":[{"embeddable":true,"href":"https:\/\/anderschingenieria.com.ar\/home\/wp-json\/wp\/v2\/comments?post=4002"}],"version-history":[{"count":1,"href":"https:\/\/anderschingenieria.com.ar\/home\/wp-json\/wp\/v2\/pages\/4002\/revisions"}],"predecessor-version":[{"id":4003,"href":"https:\/\/anderschingenieria.com.ar\/home\/wp-json\/wp\/v2\/pages\/4002\/revisions\/4003"}],"wp:attachment":[{"href":"https:\/\/anderschingenieria.com.ar\/home\/wp-json\/wp\/v2\/media?parent=4002"}],"curies":[{"name":"wp","href":"https:\/\/api.w.org\/{rel}","templated":true}]}}