{"id":4037,"date":"2017-03-08T22:55:07","date_gmt":"2017-03-08T22:55:07","guid":{"rendered":"http:\/\/anderschingenieria.com.ar\/wordpress\/?page_id=4037"},"modified":"2017-03-08T22:55:07","modified_gmt":"2017-03-08T22:55:07","slug":"pantallas-acusticas","status":"publish","type":"page","link":"https:\/\/anderschingenieria.com.ar\/home\/pantallas-acusticas\/","title":{"rendered":"PANTALLAS ACUSTICAS"},"content":{"rendered":"<p>[vc_row][vc_column][vc_empty_space height=\u00bb60px\u00bb][\/vc_column][\/vc_row][vc_row full_width=\u00bbstretch_row\u00bb][vc_column width=\u00bb1\/3&#8243;][cms_heading sub_color=\u00bb#dd3333&#8243; hd_title=\u00bbPANTALLAS ACUSTICAS\u00bb text_color=\u00bb#000000&#8243; cms_template=\u00bbcms_heading&#8211;style4.php\u00bb][vc_column_text]Desde Julio de 2016 ANDERSCH INGENIERIA cuenta con la patente \u201cPANEL ACUSTICO\u201d. Andersch Ingenier\u00eda cuenta con el dise\u00f1o de pantallas ac\u00fasticas. Estas son las primeras pantallas ac\u00fasticas dise\u00f1adas, fabricadas y testeadas en Argentina.[\/vc_column_text][\/vc_column][vc_column width=\u00bb2\/3&#8243;][vc_gallery type=\u00bbnivo\u00bb interval=\u00bb10&#8243; images=\u00bb2492,2493,2494&#8243; img_size=\u00bbfull\u00bb][\/vc_column][\/vc_row]<\/p>\n","protected":false},"excerpt":{"rendered":"<p>[vc_row][vc_column][vc_empty_space height=\u00bb60px\u00bb][\/vc_column][\/vc_row][vc_row full_width=\u00bbstretch_row\u00bb][vc_column width=\u00bb1\/3&#8243;][cms_heading sub_color=\u00bb#dd3333&#8243; hd_title=\u00bbPANTALLAS ACUSTICAS\u00bb text_color=\u00bb#000000&#8243; cms_template=\u00bbcms_heading&#8211;style4.php\u00bb][vc_column_text]Desde Julio de 2016 ANDERSCH INGENIERIA cuenta con la patente \u201cPANEL ACUSTICO\u201d. Andersch Ingenier\u00eda cuenta con el dise\u00f1o de pantallas ac\u00fasticas. Estas son las primeras pantallas ac\u00fasticas dise\u00f1adas, fabricadas y testeadas en Argentina.[\/vc_column_text][\/vc_column][vc_column width=\u00bb2\/3&#8243;][vc_gallery type=\u00bbnivo\u00bb interval=\u00bb10&#8243; images=\u00bb2492,2493,2494&#8243; img_size=\u00bbfull\u00bb][\/vc_column][\/vc_row]<\/p>\n","protected":false},"author":1,"featured_media":0,"parent":0,"menu_order":0,"comment_status":"closed","ping_status":"closed","template":"","meta":[],"_links":{"self":[{"href":"https:\/\/anderschingenieria.com.ar\/home\/wp-json\/wp\/v2\/pages\/4037"}],"collection":[{"href":"https:\/\/anderschingenieria.com.ar\/home\/wp-json\/wp\/v2\/pages"}],"about":[{"href":"https:\/\/anderschingenieria.com.ar\/home\/wp-json\/wp\/v2\/types\/page"}],"author":[{"embeddable":true,"href":"https:\/\/anderschingenieria.com.ar\/home\/wp-json\/wp\/v2\/users\/1"}],"replies":[{"embeddable":true,"href":"https:\/\/anderschingenieria.com.ar\/home\/wp-json\/wp\/v2\/comments?post=4037"}],"version-history":[{"count":1,"href":"https:\/\/anderschingenieria.com.ar\/home\/wp-json\/wp\/v2\/pages\/4037\/revisions"}],"predecessor-version":[{"id":4038,"href":"https:\/\/anderschingenieria.com.ar\/home\/wp-json\/wp\/v2\/pages\/4037\/revisions\/4038"}],"wp:attachment":[{"href":"https:\/\/anderschingenieria.com.ar\/home\/wp-json\/wp\/v2\/media?parent=4037"}],"curies":[{"name":"wp","href":"https:\/\/api.w.org\/{rel}","templated":true}]}}